{"id":416,"date":"2024-04-05T06:20:26","date_gmt":"2024-04-05T06:20:26","guid":{"rendered":"https:\/\/buhomedia.com.mx\/?page_id=416"},"modified":"2025-10-17T03:49:51","modified_gmt":"2025-10-17T03:49:51","slug":"audiovisuales","status":"publish","type":"page","link":"https:\/\/buhomedia.com.mx\/?page_id=416","title":{"rendered":"AUDIOVISUALES"},"content":{"rendered":"\n<p class=\"has-large-font-size\">En 20 &#8211; Solnaite x Lind<\/p>\n\n\n\n<figure class=\"wp-block-embed is-type-video is-provider-youtube wp-block-embed-youtube wp-embed-aspect-16-9 wp-has-aspect-ratio\"><div class=\"wp-block-embed__wrapper\">\n<div class=\"nv-iframe-embed\"><iframe loading=\"lazy\" title=\"En 20 - Solnaite x Lind ( Rafael CM)\" width=\"1200\" height=\"675\" src=\"https:\/\/www.youtube.com\/embed\/nu7acoOrcDw?feature=oembed\" frameborder=\"0\" allow=\"accelerometer; autoplay; clipboard-write; encrypted-media; gyroscope; picture-in-picture; web-share\" referrerpolicy=\"strict-origin-when-cross-origin\" allowfullscreen><\/iframe><\/div>\n<\/div><\/figure>\n\n\n\n<p class=\"has-large-font-size\">Cortometraje &#8220;El Chico P\u00e1jaro&#8221; <\/p>\n\n\n\n<figure class=\"wp-block-embed is-type-video is-provider-youtube wp-block-embed-youtube wp-embed-aspect-16-9 wp-has-aspect-ratio\"><div class=\"wp-block-embed__wrapper\">\n<div class=\"nv-iframe-embed\"><iframe loading=\"lazy\" title=\"Corto El Chico P\u00e1jaro\" width=\"1200\" height=\"675\" src=\"https:\/\/www.youtube.com\/embed\/xGdzp2ieLjw?feature=oembed\" frameborder=\"0\" allow=\"accelerometer; autoplay; clipboard-write; encrypted-media; gyroscope; picture-in-picture; web-share\" referrerpolicy=\"strict-origin-when-cross-origin\" allowfullscreen><\/iframe><\/div>\n<\/div><\/figure>\n\n\n\n<div class=\"wp-block-columns is-layout-flex wp-container-core-columns-layout-1 wp-block-columns-is-layout-flex\">\n<div class=\"wp-block-column is-layout-flow wp-block-column-is-layout-flow\">\n<p><\/p>\n<\/div>\n<\/div>\n\n\n\n<p class=\"has-large-font-size\">CYPHER &#8211; ICE BOX, YA\u00d1EZ, 4PA<\/p>\n\n\n\n<figure class=\"wp-block-embed is-type-video is-provider-youtube wp-block-embed-youtube wp-embed-aspect-16-9 wp-has-aspect-ratio\"><div class=\"wp-block-embed__wrapper\">\n<div class=\"nv-iframe-embed\"><iframe loading=\"lazy\" title=\"CYPHER\" width=\"1200\" height=\"675\" src=\"https:\/\/www.youtube.com\/embed\/Jh2XUsuieHU?feature=oembed\" frameborder=\"0\" allow=\"accelerometer; autoplay; clipboard-write; encrypted-media; gyroscope; picture-in-picture; web-share\" referrerpolicy=\"strict-origin-when-cross-origin\" allowfullscreen><\/iframe><\/div>\n<\/div><\/figure>\n\n\n\n<p><\/p>\n\n\n\n<p class=\"has-large-font-size\">Videoclip Musical Something &#8211; The Beatles<\/p>\n\n\n\n<figure class=\"wp-block-embed is-type-video is-provider-youtube wp-block-embed-youtube wp-embed-aspect-16-9 wp-has-aspect-ratio\"><div class=\"wp-block-embed__wrapper\">\n<div class=\"nv-iframe-embed\"><iframe loading=\"lazy\" title=\"Something - The Beatles (Videoclip)\" width=\"1200\" height=\"675\" src=\"https:\/\/www.youtube.com\/embed\/2-Livqrtedg?feature=oembed\" frameborder=\"0\" allow=\"accelerometer; autoplay; clipboard-write; encrypted-media; gyroscope; picture-in-picture; web-share\" referrerpolicy=\"strict-origin-when-cross-origin\" allowfullscreen><\/iframe><\/div>\n<\/div><\/figure>\n\n\n\n<p><\/p>\n\n\n\n<p class=\"has-large-font-size\">Videoclip Musical B\u00e9same Mucho (Cover) &#8211; Mariana Ramos<\/p>\n\n\n\n<figure class=\"wp-block-embed is-type-video is-provider-youtube wp-block-embed-youtube wp-embed-aspect-16-9 wp-has-aspect-ratio\"><div class=\"wp-block-embed__wrapper\">\n<div class=\"nv-iframe-embed\"><iframe loading=\"lazy\" title=\"B\u00e9same mucho (Cover) - Mariana Ramos\" width=\"1200\" height=\"675\" src=\"https:\/\/www.youtube.com\/embed\/N1zX4bfj3II?feature=oembed\" frameborder=\"0\" allow=\"accelerometer; autoplay; clipboard-write; encrypted-media; gyroscope; picture-in-picture; web-share\" referrerpolicy=\"strict-origin-when-cross-origin\" allowfullscreen><\/iframe><\/div>\n<\/div><\/figure>\n\n\n\n<p class=\"has-large-font-size\">Entrevista a Betsab\u00e9 Mu\u00f1oz<\/p>\n\n\n\n<figure class=\"wp-block-embed is-type-video is-provider-youtube wp-block-embed-youtube wp-embed-aspect-16-9 wp-has-aspect-ratio\"><div class=\"wp-block-embed__wrapper\">\n<div class=\"nv-iframe-embed\"><iframe loading=\"lazy\" title=\"Entrevista - Betsab\u00e9 Mu\u00f1oz\" width=\"1200\" height=\"675\" src=\"https:\/\/www.youtube.com\/embed\/O_IulArVid8?feature=oembed\" frameborder=\"0\" allow=\"accelerometer; autoplay; clipboard-write; encrypted-media; gyroscope; picture-in-picture; web-share\" referrerpolicy=\"strict-origin-when-cross-origin\" allowfullscreen><\/iframe><\/div>\n<\/div><\/figure>\n","protected":false},"excerpt":{"rendered":"<p>En 20 &#8211; Solnaite x Lind Cortometraje &#8220;El Chico P\u00e1jaro&#8221; CYPHER &#8211; ICE BOX, YA\u00d1EZ, 4PA Videoclip Musical Something &#8211; The Beatles Videoclip Musical B\u00e9same Mucho (Cover) &#8211; Mariana Ramos Entrevista a Betsab\u00e9 Mu\u00f1oz<\/p>\n","protected":false},"author":1,"featured_media":0,"parent":0,"menu_order":0,"comment_status":"closed","ping_status":"closed","template":"","meta":{"_monsterinsights_skip_tracking":false,"_monsterinsights_sitenote_active":false,"_monsterinsights_sitenote_note":"","_monsterinsights_sitenote_category":0,"neve_meta_sidebar":"","neve_meta_container":"","neve_meta_enable_content_width":"","neve_meta_content_width":0,"neve_meta_title_alignment":"","neve_meta_author_avatar":"","neve_post_elements_order":"","neve_meta_disable_header":"","neve_meta_disable_footer":"","neve_meta_disable_title":"","footnotes":""},"aioseo_notices":[],"_links":{"self":[{"href":"https:\/\/buhomedia.com.mx\/index.php?rest_route=\/wp\/v2\/pages\/416"}],"collection":[{"href":"https:\/\/buhomedia.com.mx\/index.php?rest_route=\/wp\/v2\/pages"}],"about":[{"href":"https:\/\/buhomedia.com.mx\/index.php?rest_route=\/wp\/v2\/types\/page"}],"author":[{"embeddable":true,"href":"https:\/\/buhomedia.com.mx\/index.php?rest_route=\/wp\/v2\/users\/1"}],"replies":[{"embeddable":true,"href":"https:\/\/buhomedia.com.mx\/index.php?rest_route=%2Fwp%2Fv2%2Fcomments&post=416"}],"version-history":[{"count":15,"href":"https:\/\/buhomedia.com.mx\/index.php?rest_route=\/wp\/v2\/pages\/416\/revisions"}],"predecessor-version":[{"id":521,"href":"https:\/\/buhomedia.com.mx\/index.php?rest_route=\/wp\/v2\/pages\/416\/revisions\/521"}],"wp:attachment":[{"href":"https:\/\/buhomedia.com.mx\/index.php?rest_route=%2Fwp%2Fv2%2Fmedia&parent=416"}],"curies":[{"name":"wp","href":"https:\/\/api.w.org\/{rel}","templated":true}]}}