{"id":34,"date":"2024-03-25T12:59:23","date_gmt":"2024-03-25T12:59:23","guid":{"rendered":"https:\/\/buhomedia.com.mx\/?page_id=34"},"modified":"2025-06-06T01:30:54","modified_gmt":"2025-06-06T01:30:54","slug":"acerca-de","status":"publish","type":"page","link":"https:\/\/buhomedia.com.mx\/?page_id=34","title":{"rendered":"\u00bfQui\u00e9nes somos?"},"content":{"rendered":"\n<div class=\"wp-block-cover alignfull is-light\" style=\"min-height:600px\"><span aria-hidden=\"true\" class=\"wp-block-cover__background has-nv-light-bg-background-color has-background-dim-100 has-background-dim\"><\/span><div class=\"wp-block-cover__inner-container is-layout-flow wp-block-cover-is-layout-flow\">\n<h2 class=\"wp-block-heading has-neve-text-color-color has-text-color\">Nuestra historia<\/h2>\n\n\n\n<p class=\"has-neve-text-color-color has-text-color has-medium-font-size\">B\u00faho Media nace como un proyecto entre Benjam\u00edn Sandoval y Sa\u00edph Mu\u00f1oz, dos amigos que se conocieron en la carrera de Dise\u00f1o Gr\u00e1fico por parte de la UNAM, poco tiempo despu\u00e9s se unir\u00eda otro gran colaborado y amigo, Diego Rivera.<\/p>\n\n\n\n<p class=\"has-neve-text-color-color has-text-color has-medium-font-size\">Somos apasionados del \u00e1rea audiovisual, encontramos en la fotograf\u00eda y el video un mundo \u00fanico para nosotros.<\/p>\n\n\n\n<p class=\"has-neve-link-color-color has-text-color has-medium-font-size\"><strong>Misi\u00f3n:<\/strong> Aspiramos a ser l\u00edderes en la producci\u00f3n audiovisual, generando contenido de impacto y con una calidad superior que despierte emociones. Nuestro objetivo es ayudar a nuestros clientes a preservar recuerdos y momentos especiales, as\u00ed como mejorar la calidad visual de sus productos o servicios. <\/p>\n\n\n\n<p class=\"has-neve-link-color-color has-text-color has-medium-font-size\"><strong>Visi\u00f3n:<\/strong> Mediante la profesionalidad y seriedad de nuestros servicios, buscamos ser la productora audiovisual de referencia en el mercado, reconocida por crear contenido impactante y emocional, transformando cada proyecto en una obra memorable.<\/p>\n\n\n\n<p class=\"has-neve-link-color-color has-text-color has-medium-font-size\"><strong>Valores:<\/strong> Profesionalidad, Seriedad y Confianza<\/p>\n\n\n\n<div class=\"wp-block-group is-layout-flow wp-block-group-is-layout-flow\"><div class=\"wp-block-group__inner-container\">\n<div class=\"wp-block-columns are-vertically-aligned-center is-layout-flex wp-container-core-columns-layout-1 wp-block-columns-is-layout-flex\">\n<div class=\"wp-block-column is-vertically-aligned-center is-layout-flow wp-block-column-is-layout-flow\" style=\"flex-basis:50%\">\n<p><\/p>\n\n\n\n<p><\/p>\n\n\n\n<p class=\"has-neve-link-color-color has-text-color has-link-color has-large-font-size wp-elements-118c0bbbe3b4b8727784ec3942c3f45f\"><strong>\u00a1Con\u00f3cenos!<\/strong><\/p>\n<\/div>\n\n\n\n<div class=\"wp-block-column is-vertically-aligned-center is-layout-flow wp-block-column-is-layout-flow\" style=\"flex-basis:50%\">\n<p><\/p>\n\n\n\n<p class=\"has-medium-font-size\"><\/p>\n<\/div>\n<\/div>\n\n\n\n<div style=\"height:40px\" aria-hidden=\"true\" class=\"wp-block-spacer\"><\/div>\n<\/div><\/div>\n\n\n\n<div class=\"wp-block-columns is-layout-flex wp-container-core-columns-layout-2 wp-block-columns-is-layout-flex\">\n<div class=\"wp-block-column is-layout-flow wp-block-column-is-layout-flow\"><div class=\"wp-block-image is-style-rounded\">\n<figure class=\"aligncenter size-medium\"><img loading=\"lazy\" decoding=\"async\" width=\"300\" height=\"300\" src=\"https:\/\/buhomedia.com.mx\/wp-content\/uploads\/2024\/07\/saiph-300x300.jpg\" alt=\"\" class=\"wp-image-481\" srcset=\"https:\/\/buhomedia.com.mx\/wp-content\/uploads\/2024\/07\/saiph-300x300.jpg 300w, https:\/\/buhomedia.com.mx\/wp-content\/uploads\/2024\/07\/saiph-1024x1024.jpg 1024w, https:\/\/buhomedia.com.mx\/wp-content\/uploads\/2024\/07\/saiph-150x150.jpg 150w, https:\/\/buhomedia.com.mx\/wp-content\/uploads\/2024\/07\/saiph-768x768.jpg 768w, https:\/\/buhomedia.com.mx\/wp-content\/uploads\/2024\/07\/saiph.jpg 1080w\" sizes=\"(max-width: 300px) 100vw, 300px\" \/><\/figure><\/div>\n\n\n<p><\/p>\n\n\n\n<div class=\"wp-block-buttons is-content-justification-center is-layout-flex wp-container-core-buttons-layout-1 wp-block-buttons-is-layout-flex\">\n<div class=\"wp-block-button is-style-primary\"><a class=\"wp-block-button__link has-neve-link-color-color has-text-color has-link-color wp-element-button\" href=\"https:\/\/www.instagram.com\/saiph_ms14\/\" target=\"_blank\" rel=\"noreferrer noopener\">Sa\u00edph Mu\u00f1oz<\/a><\/div>\n<\/div>\n<\/div>\n\n\n\n<div class=\"wp-block-column is-layout-flow wp-block-column-is-layout-flow\"><div class=\"wp-block-image is-style-rounded\">\n<figure class=\"aligncenter size-medium\"><img loading=\"lazy\" decoding=\"async\" width=\"300\" height=\"300\" src=\"https:\/\/buhomedia.com.mx\/wp-content\/uploads\/2024\/07\/benja-300x300.jpg\" alt=\"\" class=\"wp-image-483\" srcset=\"https:\/\/buhomedia.com.mx\/wp-content\/uploads\/2024\/07\/benja-300x300.jpg 300w, https:\/\/buhomedia.com.mx\/wp-content\/uploads\/2024\/07\/benja-1024x1024.jpg 1024w, https:\/\/buhomedia.com.mx\/wp-content\/uploads\/2024\/07\/benja-150x150.jpg 150w, https:\/\/buhomedia.com.mx\/wp-content\/uploads\/2024\/07\/benja-768x768.jpg 768w, https:\/\/buhomedia.com.mx\/wp-content\/uploads\/2024\/07\/benja.jpg 1080w\" sizes=\"(max-width: 300px) 100vw, 300px\" \/><\/figure><\/div>\n\n\n<p><\/p>\n\n\n\n<div class=\"wp-block-buttons is-content-justification-center is-layout-flex wp-container-core-buttons-layout-2 wp-block-buttons-is-layout-flex\">\n<div class=\"wp-block-button is-style-primary\"><a class=\"wp-block-button__link has-text-align-center wp-element-button\" href=\"https:\/\/www.instagram.com\/benjas.99\/\" target=\"_blank\" rel=\"noreferrer noopener\">Benjam\u00edn Sandoval<\/a><\/div>\n<\/div>\n<\/div>\n\n\n\n<div class=\"wp-block-column is-layout-flow wp-block-column-is-layout-flow\">\n<p><\/p>\n\n\n\n<div class=\"wp-block-buttons is-content-justification-center is-layout-flex wp-container-core-buttons-layout-3 wp-block-buttons-is-layout-flex\"><\/div>\n<\/div>\n<\/div>\n<\/div><\/div>\n","protected":false},"excerpt":{"rendered":"","protected":false},"author":1,"featured_media":0,"parent":0,"menu_order":0,"comment_status":"closed","ping_status":"closed","template":"","meta":{"_monsterinsights_skip_tracking":false,"_monsterinsights_sitenote_active":false,"_monsterinsights_sitenote_note":"","_monsterinsights_sitenote_category":0,"neve_meta_sidebar":"","neve_meta_container":"default","neve_meta_enable_content_width":"on","neve_meta_content_width":100,"neve_meta_title_alignment":"","neve_meta_author_avatar":"","neve_post_elements_order":"","neve_meta_disable_header":"","neve_meta_disable_footer":"","neve_meta_disable_title":"on","footnotes":""},"aioseo_notices":[],"_links":{"self":[{"href":"https:\/\/buhomedia.com.mx\/index.php?rest_route=\/wp\/v2\/pages\/34"}],"collection":[{"href":"https:\/\/buhomedia.com.mx\/index.php?rest_route=\/wp\/v2\/pages"}],"about":[{"href":"https:\/\/buhomedia.com.mx\/index.php?rest_route=\/wp\/v2\/types\/page"}],"author":[{"embeddable":true,"href":"https:\/\/buhomedia.com.mx\/index.php?rest_route=\/wp\/v2\/users\/1"}],"replies":[{"embeddable":true,"href":"https:\/\/buhomedia.com.mx\/index.php?rest_route=%2Fwp%2Fv2%2Fcomments&post=34"}],"version-history":[{"count":53,"href":"https:\/\/buhomedia.com.mx\/index.php?rest_route=\/wp\/v2\/pages\/34\/revisions"}],"predecessor-version":[{"id":514,"href":"https:\/\/buhomedia.com.mx\/index.php?rest_route=\/wp\/v2\/pages\/34\/revisions\/514"}],"wp:attachment":[{"href":"https:\/\/buhomedia.com.mx\/index.php?rest_route=%2Fwp%2Fv2%2Fmedia&parent=34"}],"curies":[{"name":"wp","href":"https:\/\/api.w.org\/{rel}","templated":true}]}}